{"id":1026,"date":"2022-02-16T11:52:51","date_gmt":"2022-02-16T11:52:51","guid":{"rendered":"https:\/\/tehpack.ee\/?post_type=product&#038;p=1026"},"modified":"2022-08-02T11:07:07","modified_gmt":"2022-08-02T11:07:07","slug":"metall-lint-19mm-x-06mm-zn","status":"publish","type":"product","link":"https:\/\/www.tehpack.ee\/en\/toode\/metall-lint-19mm-x-06mm-zn\/","title":{"rendered":"Metall-lint 19mm x 0,6mm Zn"},"content":{"rendered":"<p>Laius: 19mm<br \/>\nPaksus: 0,6mm<br \/>\nKaal: ~50kg<br \/>\nV\u00e4rvus: Tsingitud<br \/>\nAlusel: 12 rulli<\/p>\n","protected":false},"excerpt":{"rendered":"<p>Metall-linti kasutatakse raskete pakkide kinnitamiseks. Eelk\u00f5ige on lint kasutuses puidu- ning metallit\u00f6\u00f6stuses. \u00dches rullis on ~50kg linti ning alusel 12 rulli.<\/p>\n","protected":false},"featured_media":2074,"template":"","meta":{"_acf_changed":false},"product_brand":[],"product_cat":[85,142,98],"product_tag":[],"class_list":{"0":"post-1026","1":"product","2":"type-product","3":"status-publish","4":"has-post-thumbnail","6":"product_cat-pakkematerjalid","7":"product_cat-metall-lindid","8":"product_cat-pakkelindid","10":"first","11":"instock","12":"shipping-taxable","13":"product-type-simple"},"acf":[],"_links":{"self":[{"href":"https:\/\/www.tehpack.ee\/en\/wp-json\/wp\/v2\/product\/1026","targetHints":{"allow":["GET"]}}],"collection":[{"href":"https:\/\/www.tehpack.ee\/en\/wp-json\/wp\/v2\/product"}],"about":[{"href":"https:\/\/www.tehpack.ee\/en\/wp-json\/wp\/v2\/types\/product"}],"wp:featuredmedia":[{"embeddable":true,"href":"https:\/\/www.tehpack.ee\/en\/wp-json\/wp\/v2\/media\/2074"}],"wp:attachment":[{"href":"https:\/\/www.tehpack.ee\/en\/wp-json\/wp\/v2\/media?parent=1026"}],"wp:term":[{"taxonomy":"product_brand","embeddable":true,"href":"https:\/\/www.tehpack.ee\/en\/wp-json\/wp\/v2\/product_brand?post=1026"},{"taxonomy":"product_cat","embeddable":true,"href":"https:\/\/www.tehpack.ee\/en\/wp-json\/wp\/v2\/product_cat?post=1026"},{"taxonomy":"product_tag","embeddable":true,"href":"https:\/\/www.tehpack.ee\/en\/wp-json\/wp\/v2\/product_tag?post=1026"}],"curies":[{"name":"wp","href":"https:\/\/api.w.org\/{rel}","templated":true}]}}