{"id":1034,"date":"2022-02-16T11:52:51","date_gmt":"2022-02-16T11:52:51","guid":{"rendered":"https:\/\/tehpack.ee\/?post_type=product&#038;p=1034"},"modified":"2022-08-02T06:33:38","modified_gmt":"2022-08-02T06:33:38","slug":"pakketeip-vibac-48mm-x-66m-lp-haaletu","status":"publish","type":"product","link":"https:\/\/www.tehpack.ee\/en\/toode\/pakketeip-vibac-48mm-x-66m-lp-haaletu\/","title":{"rendered":"Pakketeip Vibac 48mm x 66m LP H\u00e4\u00e4letu"},"content":{"rendered":"<p>Laius: 48mm<br \/>\nPikkus: 66m<br \/>\nKastis: 36 rulli<br \/>\nV\u00e4rvus: L\u00e4bipaistev<br \/>\nPaksus: 28my<br \/>\nLiimit\u00fc\u00fcp: Akr\u00fc\u00fcl<br \/>\nOmadused: H\u00e4\u00e4letu<\/p>\n<p><img fetchpriority=\"high\" decoding=\"async\" src=\"https:\/\/tehpack.ee\/wp-content\/uploads\/2022\/02\/Pakketeip-Vibac-48x66-38x66-75x663-pruunile-ka-252x300.jpeg\" alt=\"\" width=\"252\" height=\"300\" class=\"alignnone size-medium wp-image-2077\" srcset=\"https:\/\/www.tehpack.ee\/wp-content\/uploads\/2022\/02\/Pakketeip-Vibac-48x66-38x66-75x663-pruunile-ka-252x300.jpeg 252w, https:\/\/www.tehpack.ee\/wp-content\/uploads\/2022\/02\/Pakketeip-Vibac-48x66-38x66-75x663-pruunile-ka-scaled-600x715.jpeg 600w, https:\/\/www.tehpack.ee\/wp-content\/uploads\/2022\/02\/Pakketeip-Vibac-48x66-38x66-75x663-pruunile-ka-860x1024.jpeg 860w, https:\/\/www.tehpack.ee\/wp-content\/uploads\/2022\/02\/Pakketeip-Vibac-48x66-38x66-75x663-pruunile-ka-768x915.jpeg 768w, https:\/\/www.tehpack.ee\/wp-content\/uploads\/2022\/02\/Pakketeip-Vibac-48x66-38x66-75x663-pruunile-ka-1290x1536.jpeg 1290w, https:\/\/www.tehpack.ee\/wp-content\/uploads\/2022\/02\/Pakketeip-Vibac-48x66-38x66-75x663-pruunile-ka-1719x2048.jpeg 1719w, https:\/\/www.tehpack.ee\/wp-content\/uploads\/2022\/02\/Pakketeip-Vibac-48x66-38x66-75x663-pruunile-ka-770x917.jpeg 770w\" sizes=\"(max-width: 252px) 100vw, 252px\" \/><\/p>\n","protected":false},"excerpt":{"rendered":"<p>Laius: 48mm Pikkus: 66m Kastis: 36 rulli V\u00e4rvus: L\u00e4bipaistev Paksus: 28my Liimit\u00fc\u00fcp: Akr\u00fc\u00fcl Omadused: H\u00e4\u00e4letu<\/p>\n","protected":false},"featured_media":1207,"template":"","meta":{"_acf_changed":false},"product_brand":[],"product_cat":[149,85,100],"product_tag":[],"class_list":{"0":"post-1034","1":"product","2":"type-product","3":"status-publish","4":"has-post-thumbnail","6":"product_cat-pakketeibid","7":"product_cat-pakkematerjalid","8":"product_cat-teibid","10":"first","11":"instock","12":"shipping-taxable","13":"product-type-simple"},"acf":[],"_links":{"self":[{"href":"https:\/\/www.tehpack.ee\/en\/wp-json\/wp\/v2\/product\/1034","targetHints":{"allow":["GET"]}}],"collection":[{"href":"https:\/\/www.tehpack.ee\/en\/wp-json\/wp\/v2\/product"}],"about":[{"href":"https:\/\/www.tehpack.ee\/en\/wp-json\/wp\/v2\/types\/product"}],"wp:featuredmedia":[{"embeddable":true,"href":"https:\/\/www.tehpack.ee\/en\/wp-json\/wp\/v2\/media\/1207"}],"wp:attachment":[{"href":"https:\/\/www.tehpack.ee\/en\/wp-json\/wp\/v2\/media?parent=1034"}],"wp:term":[{"taxonomy":"product_brand","embeddable":true,"href":"https:\/\/www.tehpack.ee\/en\/wp-json\/wp\/v2\/product_brand?post=1034"},{"taxonomy":"product_cat","embeddable":true,"href":"https:\/\/www.tehpack.ee\/en\/wp-json\/wp\/v2\/product_cat?post=1034"},{"taxonomy":"product_tag","embeddable":true,"href":"https:\/\/www.tehpack.ee\/en\/wp-json\/wp\/v2\/product_tag?post=1034"}],"curies":[{"name":"wp","href":"https:\/\/api.w.org\/{rel}","templated":true}]}}