{"id":1041,"date":"2022-02-16T11:52:52","date_gmt":"2022-02-16T11:52:52","guid":{"rendered":"https:\/\/tehpack.ee\/?post_type=product&#038;p=1041"},"modified":"2025-02-20T11:35:08","modified_gmt":"2025-02-20T09:35:08","slug":"koormakinnitusvoo-1500","status":"publish","type":"product","link":"https:\/\/www.tehpack.ee\/en\/toode\/koormakinnitusvoo-1500\/","title":{"rendered":"Koormakinnitusv\u00f6\u00f6 1500"},"content":{"rendered":"<p>V\u00f6\u00f6 t\u00fc\u00fcp &#8211; 2-osaline<br \/>\nPurunemisj\u00f5ud otset\u00f5mbel &#8211; 1250kg<br \/>\nPurunemisj\u00f5ud koormas &#8211; 2500kg<br \/>\nStandard pikkus &#8211; 0,5 + 5,5m<br \/>\nLubatud koormus &#8211; 1000 LC, daN<\/p>\n<p>Kergema kauba kinnitamiseks paketiautos<br \/>\nStandardkonksud profiilterasest<br \/>\nLindi laius 35 mm<br \/>\nKatkemistugevus 2500 kg<br \/>\nLindi materjal 100% pol\u00fcester<\/p>\n","protected":false},"excerpt":{"rendered":"<p>V\u00f6\u00f6 t\u00fc\u00fcp &#8211; 2-osaline Purunemisj\u00f5ud otset\u00f5mbel &#8211; 1250kg Purunemisj\u00f5ud koormas &#8211; 2500kg Standard pikkus &#8211; 0,5 + 5,5m Lubatud koormus &#8211; 1000 LC, daN Kergema kauba kinnitamiseks paketiautos Standardkonksud profiilterasest Lindi laius 35 mm Katkemistugevus 2500 kg Lindi materjal 100% pol\u00fcester<\/p>\n","protected":false},"featured_media":1247,"template":"","meta":{"_acf_changed":false},"product_brand":[],"product_cat":[86,166],"product_tag":[],"class_list":{"0":"post-1041","1":"product","2":"type-product","3":"status-publish","4":"has-post-thumbnail","6":"product_cat-lisatooted","7":"product_cat-koormakinnitusvood","9":"first","10":"instock","11":"shipping-taxable","12":"product-type-simple"},"acf":[],"_links":{"self":[{"href":"https:\/\/www.tehpack.ee\/en\/wp-json\/wp\/v2\/product\/1041","targetHints":{"allow":["GET"]}}],"collection":[{"href":"https:\/\/www.tehpack.ee\/en\/wp-json\/wp\/v2\/product"}],"about":[{"href":"https:\/\/www.tehpack.ee\/en\/wp-json\/wp\/v2\/types\/product"}],"wp:featuredmedia":[{"embeddable":true,"href":"https:\/\/www.tehpack.ee\/en\/wp-json\/wp\/v2\/media\/1247"}],"wp:attachment":[{"href":"https:\/\/www.tehpack.ee\/en\/wp-json\/wp\/v2\/media?parent=1041"}],"wp:term":[{"taxonomy":"product_brand","embeddable":true,"href":"https:\/\/www.tehpack.ee\/en\/wp-json\/wp\/v2\/product_brand?post=1041"},{"taxonomy":"product_cat","embeddable":true,"href":"https:\/\/www.tehpack.ee\/en\/wp-json\/wp\/v2\/product_cat?post=1041"},{"taxonomy":"product_tag","embeddable":true,"href":"https:\/\/www.tehpack.ee\/en\/wp-json\/wp\/v2\/product_tag?post=1041"}],"curies":[{"name":"wp","href":"https:\/\/api.w.org\/{rel}","templated":true}]}}