{"id":1042,"date":"2022-02-16T11:52:52","date_gmt":"2022-02-16T11:52:52","guid":{"rendered":"https:\/\/tehpack.ee\/?post_type=product&#038;p=1042"},"modified":"2022-08-02T10:58:40","modified_gmt":"2022-08-02T10:58:40","slug":"koormakinnitusvoo-abt-2000-3000","status":"publish","type":"product","link":"https:\/\/www.tehpack.ee\/en\/toode\/koormakinnitusvoo-abt-2000-3000\/","title":{"rendered":"Koormakinnitusv\u00f6\u00f6 ABT &#8211; 2000\/3000"},"content":{"rendered":"<p>V\u00f6\u00f6 t\u00fc\u00fcp: &#8211; 2-osaline<br \/>\nPurunemisj\u00f5ud otset\u00f5mbel: &#8211; 4000\/5000kg<br \/>\nPurunemisj\u00f5ud koormas: 8000\/10000kg<br \/>\nStandard pikkus: 0,5 + 9,5m<br \/>\nLubatud koormus: 1700\/2000 LC, daN&#8217;<br \/>\nLindi laius: 50 mm<br \/>\nKatkemistugevus: 4800\/6000 kg<\/p>\n<p>&#8211; Kauba kinnitamiseks veoautodes;<br \/>\n&#8211; Standardkonksud profiilterasest;<br \/>\n&#8211; Lindi materjal 100% pol\u00fcester.<\/p>\n","protected":false},"excerpt":{"rendered":"<p>V\u00f6\u00f6 t\u00fc\u00fcp: &#8211; 2-osaline Purunemisj\u00f5ud otset\u00f5mbel: &#8211; 4000\/5000kg Purunemisj\u00f5ud koormas: 8000\/10000kg Standard pikkus: 0,5 + 9,5m Lubatud koormus: 1700\/2000 LC, daN&#8217; Lindi laius: 50 mm Katkemistugevus: 4800\/6000 kg &#8211; Kauba kinnitamiseks veoautodes; &#8211; Standardkonksud profiilterasest; &#8211; Lindi materjal 100% pol\u00fcester.<\/p>\n","protected":false},"featured_media":1243,"template":"","meta":{"_acf_changed":false},"product_brand":[],"product_cat":[86,166],"product_tag":[],"class_list":{"0":"post-1042","1":"product","2":"type-product","3":"status-publish","4":"has-post-thumbnail","6":"product_cat-lisatooted","7":"product_cat-koormakinnitusvood","9":"first","10":"instock","11":"shipping-taxable","12":"product-type-simple"},"acf":[],"_links":{"self":[{"href":"https:\/\/www.tehpack.ee\/en\/wp-json\/wp\/v2\/product\/1042","targetHints":{"allow":["GET"]}}],"collection":[{"href":"https:\/\/www.tehpack.ee\/en\/wp-json\/wp\/v2\/product"}],"about":[{"href":"https:\/\/www.tehpack.ee\/en\/wp-json\/wp\/v2\/types\/product"}],"wp:featuredmedia":[{"embeddable":true,"href":"https:\/\/www.tehpack.ee\/en\/wp-json\/wp\/v2\/media\/1243"}],"wp:attachment":[{"href":"https:\/\/www.tehpack.ee\/en\/wp-json\/wp\/v2\/media?parent=1042"}],"wp:term":[{"taxonomy":"product_brand","embeddable":true,"href":"https:\/\/www.tehpack.ee\/en\/wp-json\/wp\/v2\/product_brand?post=1042"},{"taxonomy":"product_cat","embeddable":true,"href":"https:\/\/www.tehpack.ee\/en\/wp-json\/wp\/v2\/product_cat?post=1042"},{"taxonomy":"product_tag","embeddable":true,"href":"https:\/\/www.tehpack.ee\/en\/wp-json\/wp\/v2\/product_tag?post=1042"}],"curies":[{"name":"wp","href":"https:\/\/api.w.org\/{rel}","templated":true}]}}