{"id":1058,"date":"2022-02-16T11:52:55","date_gmt":"2022-02-16T11:52:55","guid":{"rendered":"https:\/\/tehpack.ee\/?post_type=product&#038;p=1058"},"modified":"2022-08-01T09:57:08","modified_gmt":"2022-08-01T09:57:08","slug":"pehmendusmaterjal-1200mm-x-100m-x-3mm","status":"publish","type":"product","link":"https:\/\/www.tehpack.ee\/en\/toode\/pehmendusmaterjal-1200mm-x-100m-x-3mm\/","title":{"rendered":"Pehmendusmaterjal 1200mm x 100m x 3mm"},"content":{"rendered":"<p>Laius: 1200mm<br \/>\nPikkus: 100m<br \/>\nPaksus: 3mm<br \/>\nPakendis: 1 rull<\/p>\n","protected":false},"excerpt":{"rendered":"<p>Pehmendusmaterjali kasutatakse kauba pakendamisel kahjustuste v\u00e4hendamiseks. Toode on kasutuses nii m\u00f6\u00f6bli,- puidu,- metalli,- kui ka paljudes muudes t\u00f6\u00f6stusharudes. Toodet kasutatakse ka parketi alla pehmenduseks. <\/p>\n","protected":false},"featured_media":1162,"template":"","meta":{"_acf_changed":false},"product_brand":[],"product_cat":[85,97,101,139],"product_tag":[],"class_list":{"0":"post-1058","1":"product","2":"type-product","3":"status-publish","4":"has-post-thumbnail","6":"product_cat-pakkematerjalid","7":"product_cat-pakkekiled","8":"product_cat-pehmendusmaterjal","9":"product_cat-pehmenduskiled","11":"first","12":"instock","13":"shipping-taxable","14":"product-type-simple"},"acf":[],"_links":{"self":[{"href":"https:\/\/www.tehpack.ee\/en\/wp-json\/wp\/v2\/product\/1058","targetHints":{"allow":["GET"]}}],"collection":[{"href":"https:\/\/www.tehpack.ee\/en\/wp-json\/wp\/v2\/product"}],"about":[{"href":"https:\/\/www.tehpack.ee\/en\/wp-json\/wp\/v2\/types\/product"}],"wp:featuredmedia":[{"embeddable":true,"href":"https:\/\/www.tehpack.ee\/en\/wp-json\/wp\/v2\/media\/1162"}],"wp:attachment":[{"href":"https:\/\/www.tehpack.ee\/en\/wp-json\/wp\/v2\/media?parent=1058"}],"wp:term":[{"taxonomy":"product_brand","embeddable":true,"href":"https:\/\/www.tehpack.ee\/en\/wp-json\/wp\/v2\/product_brand?post=1058"},{"taxonomy":"product_cat","embeddable":true,"href":"https:\/\/www.tehpack.ee\/en\/wp-json\/wp\/v2\/product_cat?post=1058"},{"taxonomy":"product_tag","embeddable":true,"href":"https:\/\/www.tehpack.ee\/en\/wp-json\/wp\/v2\/product_tag?post=1058"}],"curies":[{"name":"wp","href":"https:\/\/api.w.org\/{rel}","templated":true}]}}