{"id":1098,"date":"2022-02-16T11:53:00","date_gmt":"2022-02-16T11:53:00","guid":{"rendered":"https:\/\/tehpack.ee\/?post_type=product&#038;p=1098"},"modified":"2022-07-29T12:56:32","modified_gmt":"2022-07-29T12:56:32","slug":"pakketeip-vibac-48mm-x-66m-pruun-haaletu","status":"publish","type":"product","link":"https:\/\/www.tehpack.ee\/en\/toode\/pakketeip-vibac-48mm-x-66m-pruun-haaletu\/","title":{"rendered":"Pakketeip Vibac 48mm x 66m Pruun H\u00e4\u00e4letu"},"content":{"rendered":"<p>Laius: 48mm<br \/>\nPikkus: 66m<br \/>\nKastis: 36 rulli<br \/>\nV\u00e4rvus: Pruun<br \/>\nPaksus: 28my<br \/>\nLiimit\u00fc\u00fcp: Akr\u00fc\u00fcl<br \/>\nOmadused: H\u00e4\u00e4letu<\/p>\n","protected":false},"excerpt":{"rendered":"<p>Laius: 48mm Pikkus: 66m Kastis: 36 rulli V\u00e4rvus: Pruun Paksus: 28my Liimit\u00fc\u00fcp: Akr\u00fc\u00fcl Omadused: H\u00e4\u00e4letu<\/p>\n","protected":false},"featured_media":1207,"template":"","meta":{"_acf_changed":false},"product_brand":[],"product_cat":[149,85,100],"product_tag":[],"class_list":{"0":"post-1098","1":"product","2":"type-product","3":"status-publish","4":"has-post-thumbnail","6":"product_cat-pakketeibid","7":"product_cat-pakkematerjalid","8":"product_cat-teibid","10":"first","11":"instock","12":"shipping-taxable","13":"product-type-simple"},"acf":[],"_links":{"self":[{"href":"https:\/\/www.tehpack.ee\/en\/wp-json\/wp\/v2\/product\/1098","targetHints":{"allow":["GET"]}}],"collection":[{"href":"https:\/\/www.tehpack.ee\/en\/wp-json\/wp\/v2\/product"}],"about":[{"href":"https:\/\/www.tehpack.ee\/en\/wp-json\/wp\/v2\/types\/product"}],"wp:featuredmedia":[{"embeddable":true,"href":"https:\/\/www.tehpack.ee\/en\/wp-json\/wp\/v2\/media\/1207"}],"wp:attachment":[{"href":"https:\/\/www.tehpack.ee\/en\/wp-json\/wp\/v2\/media?parent=1098"}],"wp:term":[{"taxonomy":"product_brand","embeddable":true,"href":"https:\/\/www.tehpack.ee\/en\/wp-json\/wp\/v2\/product_brand?post=1098"},{"taxonomy":"product_cat","embeddable":true,"href":"https:\/\/www.tehpack.ee\/en\/wp-json\/wp\/v2\/product_cat?post=1098"},{"taxonomy":"product_tag","embeddable":true,"href":"https:\/\/www.tehpack.ee\/en\/wp-json\/wp\/v2\/product_tag?post=1098"}],"curies":[{"name":"wp","href":"https:\/\/api.w.org\/{rel}","templated":true}]}}