{"id":1137,"date":"2022-02-16T11:53:05","date_gmt":"2022-02-16T11:53:05","guid":{"rendered":"https:\/\/tehpack.ee\/?post_type=product&#038;p=1137"},"modified":"2022-07-29T11:56:22","modified_gmt":"2022-07-29T11:56:22","slug":"ripack-3000-termokiletuspustol","status":"publish","type":"product","link":"https:\/\/www.tehpack.ee\/en\/toode\/ripack-3000-termokiletuspustol\/","title":{"rendered":"Ripack 3000 termokiletusp\u00fcstol"},"content":{"rendered":"<p>P\u00fcstoli kaal: 1220g<br \/>\n360\u00b0 p\u00f6\u00f6rderaadiusega leegiotsik<br \/>\nP\u00fcstoli v\u00f5imsus 45 &#8211; 76kW.<br \/>\n\u00dche vajutusega toimiv p\u00e4\u00e4stik<br \/>\nPikendusvarre pikkus 570mm kuni 2030mm<\/p>\n","protected":false},"excerpt":{"rendered":"<p>P\u00fcstoli kaal: 1220g 360\u00b0 p\u00f6\u00f6rderaadiusega leegiotsik P\u00fcstoli v\u00f5imsus 45 &#8211; 76kW. \u00dche vajutusega toimiv p\u00e4\u00e4stik Pikendusvarre pikkus 570mm kuni 2030mm<\/p>\n","protected":false},"featured_media":1231,"template":"","meta":{"_acf_changed":false},"product_brand":[],"product_cat":[92],"product_tag":[],"class_list":{"0":"post-1137","1":"product","2":"type-product","3":"status-publish","4":"has-post-thumbnail","6":"product_cat-termokiletusseadmed","8":"first","9":"instock","10":"shipping-taxable","11":"product-type-simple"},"acf":[],"_links":{"self":[{"href":"https:\/\/www.tehpack.ee\/en\/wp-json\/wp\/v2\/product\/1137","targetHints":{"allow":["GET"]}}],"collection":[{"href":"https:\/\/www.tehpack.ee\/en\/wp-json\/wp\/v2\/product"}],"about":[{"href":"https:\/\/www.tehpack.ee\/en\/wp-json\/wp\/v2\/types\/product"}],"wp:featuredmedia":[{"embeddable":true,"href":"https:\/\/www.tehpack.ee\/en\/wp-json\/wp\/v2\/media\/1231"}],"wp:attachment":[{"href":"https:\/\/www.tehpack.ee\/en\/wp-json\/wp\/v2\/media?parent=1137"}],"wp:term":[{"taxonomy":"product_brand","embeddable":true,"href":"https:\/\/www.tehpack.ee\/en\/wp-json\/wp\/v2\/product_brand?post=1137"},{"taxonomy":"product_cat","embeddable":true,"href":"https:\/\/www.tehpack.ee\/en\/wp-json\/wp\/v2\/product_cat?post=1137"},{"taxonomy":"product_tag","embeddable":true,"href":"https:\/\/www.tehpack.ee\/en\/wp-json\/wp\/v2\/product_tag?post=1137"}],"curies":[{"name":"wp","href":"https:\/\/api.w.org\/{rel}","templated":true}]}}