{"id":1138,"date":"2022-02-16T11:53:06","date_gmt":"2022-02-16T11:53:06","guid":{"rendered":"https:\/\/tehpack.ee\/?post_type=product&#038;p=1138"},"modified":"2022-07-29T10:36:27","modified_gmt":"2022-07-29T10:36:27","slug":"termokile-5m-labipaistev","status":"publish","type":"product","link":"https:\/\/www.tehpack.ee\/en\/toode\/termokile-5m-labipaistev\/","title":{"rendered":"Termokile 5m L\u00e4bipaistev"},"content":{"rendered":"<p>Laius: 5m<br \/>\nPaksus: 150m<br \/>\nV\u00e4rvus: L\u00e4bipaistev<br \/>\nKaal: 31,9kg rullis<br \/>\nPikkus: 44m rullis<\/p>\n","protected":false},"excerpt":{"rendered":"<p>Termokile kasutatakse moodulmajade, paatide, konstruktsioonide, suuremate seadmete katmiseks ja pakendamiseks. Samuti kasutatakse termokile fassaadide ja tellingute katmiseks. L\u00e4bipaistev termokile on sobilik kui soovitakse, et kaup oleks p\u00e4rast kiletamist paremini \u00e4ratuntav ning eristatav.<\/p>\n","protected":false},"featured_media":1181,"template":"","meta":{"_acf_changed":false},"product_brand":[],"product_cat":[85,97,137,128],"product_tag":[],"class_list":{"0":"post-1138","1":"product","2":"type-product","3":"status-publish","4":"has-post-thumbnail","6":"product_cat-pakkematerjalid","7":"product_cat-pakkekiled","8":"product_cat-termokiled-pakkekiled","9":"product_cat-termokiled","11":"first","12":"instock","13":"shipping-taxable","14":"product-type-simple"},"acf":[],"_links":{"self":[{"href":"https:\/\/www.tehpack.ee\/en\/wp-json\/wp\/v2\/product\/1138","targetHints":{"allow":["GET"]}}],"collection":[{"href":"https:\/\/www.tehpack.ee\/en\/wp-json\/wp\/v2\/product"}],"about":[{"href":"https:\/\/www.tehpack.ee\/en\/wp-json\/wp\/v2\/types\/product"}],"wp:featuredmedia":[{"embeddable":true,"href":"https:\/\/www.tehpack.ee\/en\/wp-json\/wp\/v2\/media\/1181"}],"wp:attachment":[{"href":"https:\/\/www.tehpack.ee\/en\/wp-json\/wp\/v2\/media?parent=1138"}],"wp:term":[{"taxonomy":"product_brand","embeddable":true,"href":"https:\/\/www.tehpack.ee\/en\/wp-json\/wp\/v2\/product_brand?post=1138"},{"taxonomy":"product_cat","embeddable":true,"href":"https:\/\/www.tehpack.ee\/en\/wp-json\/wp\/v2\/product_cat?post=1138"},{"taxonomy":"product_tag","embeddable":true,"href":"https:\/\/www.tehpack.ee\/en\/wp-json\/wp\/v2\/product_tag?post=1138"}],"curies":[{"name":"wp","href":"https:\/\/api.w.org\/{rel}","templated":true}]}}