{"id":1141,"date":"2022-02-16T11:53:06","date_gmt":"2022-02-16T11:53:06","guid":{"rendered":"https:\/\/tehpack.ee\/?post_type=product&#038;p=1141"},"modified":"2022-07-29T11:02:51","modified_gmt":"2022-07-29T11:02:51","slug":"frommi-pakkeseade-p329s","status":"publish","type":"product","link":"https:\/\/www.tehpack.ee\/en\/toode\/frommi-pakkeseade-p329s\/","title":{"rendered":"Frommi pakkeseade P329S"},"content":{"rendered":"<p>Kasutatavad lindid: Pol\u00fcester (PET) &#038; Pol\u00fcprop\u00fcleen (PP)<br \/>\nLindi m\u00f5\u00f5dud: 16.0 \u2013 19.0 x 0.65 \u2013 1.35 mm<br \/>\nPingutusj\u00f5ud: 500 \u2013 4000 N (reguleeritav)<br \/>\nLiite t\u00fc\u00fcp: Friktsioon keevitus<br \/>\nToites\u00fcsteem: Aku 18VDC \/ 4.0 Ah Li-Ion<br \/>\nKaal: 4.3 kg<\/p>\n<p><a href=\"https:\/\/tehpack.ee\/wp-content\/upload\/2018\/12\/Brochure-S-series-EN-2.pdfs\">P328S Brochure S-series EN (2)<\/a><\/p>\n<p><a href=\"https:\/\/tehpack.ee\/wp-content\/uploads\/2018\/12\/Flyer-P329S-EN.pdf\">Flyer P329S EN<\/a><\/p>\n<p><a href=\"https:\/\/tehpack.ee\/wp-content\/uploads\/2018\/12\/Datasheet-P329S.pdf\">Datasheet P329S<\/a><\/p>\n<p><iframe title=\"FROMM P328S P329S\" width=\"847\" height=\"476\" src=\"https:\/\/www.youtube.com\/embed\/MF3v6Nal4oE?feature=oembed\" frameborder=\"0\" allow=\"accelerometer; autoplay; clipboard-write; encrypted-media; gyroscope; picture-in-picture\" allowfullscreen><\/iframe><\/p>\n","protected":false},"excerpt":{"rendered":"<p>Puutetundliku ekraani ja akuga Frommi pakkeseade P329S<\/p>\n","protected":false},"featured_media":1183,"template":"","meta":{"_acf_changed":false},"product_brand":[],"product_cat":[84,108,110,88],"product_tag":[],"class_list":{"0":"post-1141","1":"product","2":"type-product","3":"status-publish","4":"has-post-thumbnail","6":"product_cat-pakkeseadmed","7":"product_cat-plastiklindiseadmed","8":"product_cat-kasiseadmed","9":"product_cat-lindiseadmed","11":"first","12":"instock","13":"shipping-taxable","14":"product-type-simple"},"acf":[],"_links":{"self":[{"href":"https:\/\/www.tehpack.ee\/en\/wp-json\/wp\/v2\/product\/1141","targetHints":{"allow":["GET"]}}],"collection":[{"href":"https:\/\/www.tehpack.ee\/en\/wp-json\/wp\/v2\/product"}],"about":[{"href":"https:\/\/www.tehpack.ee\/en\/wp-json\/wp\/v2\/types\/product"}],"wp:featuredmedia":[{"embeddable":true,"href":"https:\/\/www.tehpack.ee\/en\/wp-json\/wp\/v2\/media\/1183"}],"wp:attachment":[{"href":"https:\/\/www.tehpack.ee\/en\/wp-json\/wp\/v2\/media?parent=1141"}],"wp:term":[{"taxonomy":"product_brand","embeddable":true,"href":"https:\/\/www.tehpack.ee\/en\/wp-json\/wp\/v2\/product_brand?post=1141"},{"taxonomy":"product_cat","embeddable":true,"href":"https:\/\/www.tehpack.ee\/en\/wp-json\/wp\/v2\/product_cat?post=1141"},{"taxonomy":"product_tag","embeddable":true,"href":"https:\/\/www.tehpack.ee\/en\/wp-json\/wp\/v2\/product_tag?post=1141"}],"curies":[{"name":"wp","href":"https:\/\/api.w.org\/{rel}","templated":true}]}}