{"id":2038,"date":"2022-07-29T13:09:21","date_gmt":"2022-07-29T13:09:21","guid":{"rendered":"https:\/\/tehpack.ee\/?post_type=product&#038;p=2038"},"modified":"2022-08-01T09:22:23","modified_gmt":"2022-08-01T09:22:23","slug":"korgimaterjalist-pehmendus-18mm-x-18mm-x-3mm","status":"publish","type":"product","link":"https:\/\/www.tehpack.ee\/en\/toode\/korgimaterjalist-pehmendus-18mm-x-18mm-x-3mm\/","title":{"rendered":"Korgimaterjalist pehmendus 18mm x 18mm x 3mm"},"content":{"rendered":"<p>Laius: 18mm<br \/>\nPikkus: 18mm<br \/>\nPaksus 3+3mm<\/p>\n","protected":false},"excerpt":{"rendered":"<p>Korgimaterjalist pehmendus sobib h\u00e4sti materjalide vahele panekuks, takistamaks nende omavahel h\u00f5\u00f5rdumist ning libisemist.<\/p>\n","protected":false},"featured_media":2041,"template":"","meta":{"_acf_changed":false},"product_brand":[],"product_cat":[168],"product_tag":[],"class_list":{"0":"post-2038","1":"product","2":"type-product","3":"status-publish","4":"has-post-thumbnail","6":"product_cat-korgimaterjalist-pehmendus","8":"first","9":"instock","10":"shipping-taxable","11":"product-type-simple"},"acf":[],"_links":{"self":[{"href":"https:\/\/www.tehpack.ee\/en\/wp-json\/wp\/v2\/product\/2038","targetHints":{"allow":["GET"]}}],"collection":[{"href":"https:\/\/www.tehpack.ee\/en\/wp-json\/wp\/v2\/product"}],"about":[{"href":"https:\/\/www.tehpack.ee\/en\/wp-json\/wp\/v2\/types\/product"}],"wp:featuredmedia":[{"embeddable":true,"href":"https:\/\/www.tehpack.ee\/en\/wp-json\/wp\/v2\/media\/2041"}],"wp:attachment":[{"href":"https:\/\/www.tehpack.ee\/en\/wp-json\/wp\/v2\/media?parent=2038"}],"wp:term":[{"taxonomy":"product_brand","embeddable":true,"href":"https:\/\/www.tehpack.ee\/en\/wp-json\/wp\/v2\/product_brand?post=2038"},{"taxonomy":"product_cat","embeddable":true,"href":"https:\/\/www.tehpack.ee\/en\/wp-json\/wp\/v2\/product_cat?post=2038"},{"taxonomy":"product_tag","embeddable":true,"href":"https:\/\/www.tehpack.ee\/en\/wp-json\/wp\/v2\/product_tag?post=2038"}],"curies":[{"name":"wp","href":"https:\/\/api.w.org\/{rel}","templated":true}]}}