{"id":508,"date":"2022-01-15T14:18:17","date_gmt":"2022-01-15T14:18:17","guid":{"rendered":"https:\/\/tehpack.ee\/?post_type=product&#038;p=508"},"modified":"2022-08-02T06:57:38","modified_gmt":"2022-08-02T06:57:38","slug":"kasipakkekile-450mm-x-20my","status":"publish","type":"product","link":"https:\/\/www.tehpack.ee\/en\/toode\/kasipakkekile-450mm-x-20my\/","title":{"rendered":"K\u00e4sipakkekile 450mm x 20my"},"content":{"rendered":"<p>Laius: 450mm<br \/>\nPaksus: 20my<br \/>\nV\u00e4rvus: L\u00e4bipaistev<br \/>\nKastis: 6 rulli<br \/>\nAlusel: 288 rulli<\/p>\n","protected":false},"excerpt":{"rendered":"<p>K\u00e4sipakkekile ehk Stretch kile kasutatakse \u00fcldjuhul aluste ning erinevate toodete pakkimiseks k\u00e4sitsi, hoidmaks neid ilmastikukindlana ning transpordi jaoks stabiilsena.<br \/>\n20my (mikronit) paksusega kile kasutatakse kergemate keskmise suurusega aluste ning koormate kinnitamiseks. Kastis on kile 6 rulli ning alusel 288 rulli. Kile on l\u00e4bipaistev.<\/p>\n","protected":false},"featured_media":501,"template":"","meta":{"_acf_changed":false},"product_brand":[],"product_cat":[132,85,97],"product_tag":[124,125],"class_list":{"0":"post-508","1":"product","2":"type-product","3":"status-publish","4":"has-post-thumbnail","6":"product_cat-kasikiled","7":"product_cat-pakkematerjalid","8":"product_cat-pakkekiled","9":"product_tag-pakkekiled","10":"product_tag-pakkematerjalid","12":"first","13":"instock","14":"shipping-taxable","15":"product-type-simple"},"acf":[],"_links":{"self":[{"href":"https:\/\/www.tehpack.ee\/en\/wp-json\/wp\/v2\/product\/508","targetHints":{"allow":["GET"]}}],"collection":[{"href":"https:\/\/www.tehpack.ee\/en\/wp-json\/wp\/v2\/product"}],"about":[{"href":"https:\/\/www.tehpack.ee\/en\/wp-json\/wp\/v2\/types\/product"}],"wp:featuredmedia":[{"embeddable":true,"href":"https:\/\/www.tehpack.ee\/en\/wp-json\/wp\/v2\/media\/501"}],"wp:attachment":[{"href":"https:\/\/www.tehpack.ee\/en\/wp-json\/wp\/v2\/media?parent=508"}],"wp:term":[{"taxonomy":"product_brand","embeddable":true,"href":"https:\/\/www.tehpack.ee\/en\/wp-json\/wp\/v2\/product_brand?post=508"},{"taxonomy":"product_cat","embeddable":true,"href":"https:\/\/www.tehpack.ee\/en\/wp-json\/wp\/v2\/product_cat?post=508"},{"taxonomy":"product_tag","embeddable":true,"href":"https:\/\/www.tehpack.ee\/en\/wp-json\/wp\/v2\/product_tag?post=508"}],"curies":[{"name":"wp","href":"https:\/\/api.w.org\/{rel}","templated":true}]}}