{"id":930,"date":"2022-02-16T11:52:35","date_gmt":"2022-02-16T11:52:35","guid":{"rendered":"https:\/\/tehpack.ee\/?post_type=product&#038;p=930"},"modified":"2025-02-20T11:37:21","modified_gmt":"2025-02-20T09:37:21","slug":"p318","status":"publish","type":"product","link":"https:\/\/www.tehpack.ee\/en\/toode\/p318\/","title":{"rendered":"Frommi pakkeseade P318"},"content":{"rendered":"<p>Kasutatavad lindid: Pol\u00fcester (PET); Pol\u00fcprop\u00fcleen \u00a0(PP)<br \/>\nLindi m\u00f5\u00f5dud: 9.0 \u2013 13.0 x 0.35 \u2013 0.80 mm<br \/>\nPingutusj\u00f5ud: 150 \u2013 800 N (reguleeritav)<br \/>\nLiite t\u00fc\u00fcp: Friktsioon keevitus<br \/>\nToites\u00fcsteem: Battery 18VDC \/ 1.5 Ah Li-Ion<br \/>\nKaal:<\/strong> 3.4 kg<\/p>\n<p><span style=\"color: #0000ff;\"><a style=\"color: #0000ff;\" href=\"https:\/\/tehpack.ee\/wp-content\/uploads\/2015\/12\/Datasheet_P318.pdf\">Tehnilised andmed P318<\/a><\/span><br \/>\n<span style=\"color: #0000ff;\"><a style=\"color: #0000ff;\" href=\"https:\/\/tehpack.ee\/wp-content\/uploads\/2015\/12\/P318_EN.pdf\">Bro\u0161\u00fc\u00fcr P318<\/a><\/span><\/p>\n","protected":false},"excerpt":{"rendered":"<p>Kasutatavad lindid: Pol\u00fcester (PET); Pol\u00fcprop\u00fcleen \u00a0(PP) Lindi m\u00f5\u00f5dud: 9.0 \u2013 13.0 x 0.35 \u2013 0.80 mm Pingutusj\u00f5ud: 150 \u2013 800 N (reguleeritav) Liite t\u00fc\u00fcp: Friktsioon keevitus Toites\u00fcsteem: Battery 18VDC \/ 1.5 Ah Li-Ion Kaal: 3.4 kg Tehnilised andmed P318 Bro\u0161\u00fc\u00fcr P318<\/p>\n","protected":false},"featured_media":1316,"template":"","meta":{"_acf_changed":false},"product_brand":[],"product_cat":[110,84,108,88],"product_tag":[],"class_list":{"0":"post-930","1":"product","2":"type-product","3":"status-publish","4":"has-post-thumbnail","6":"product_cat-kasiseadmed","7":"product_cat-pakkeseadmed","8":"product_cat-plastiklindiseadmed","9":"product_cat-lindiseadmed","11":"first","12":"instock","13":"shipping-taxable","14":"product-type-simple"},"acf":[],"_links":{"self":[{"href":"https:\/\/www.tehpack.ee\/en\/wp-json\/wp\/v2\/product\/930","targetHints":{"allow":["GET"]}}],"collection":[{"href":"https:\/\/www.tehpack.ee\/en\/wp-json\/wp\/v2\/product"}],"about":[{"href":"https:\/\/www.tehpack.ee\/en\/wp-json\/wp\/v2\/types\/product"}],"wp:featuredmedia":[{"embeddable":true,"href":"https:\/\/www.tehpack.ee\/en\/wp-json\/wp\/v2\/media\/1316"}],"wp:attachment":[{"href":"https:\/\/www.tehpack.ee\/en\/wp-json\/wp\/v2\/media?parent=930"}],"wp:term":[{"taxonomy":"product_brand","embeddable":true,"href":"https:\/\/www.tehpack.ee\/en\/wp-json\/wp\/v2\/product_brand?post=930"},{"taxonomy":"product_cat","embeddable":true,"href":"https:\/\/www.tehpack.ee\/en\/wp-json\/wp\/v2\/product_cat?post=930"},{"taxonomy":"product_tag","embeddable":true,"href":"https:\/\/www.tehpack.ee\/en\/wp-json\/wp\/v2\/product_tag?post=930"}],"curies":[{"name":"wp","href":"https:\/\/api.w.org\/{rel}","templated":true}]}}