{"id":935,"date":"2022-02-16T11:52:38","date_gmt":"2022-02-16T11:52:38","guid":{"rendered":"https:\/\/tehpack.ee\/?post_type=product&#038;p=935"},"modified":"2025-02-20T11:36:26","modified_gmt":"2025-02-20T09:36:26","slug":"p356","status":"publish","type":"product","link":"https:\/\/www.tehpack.ee\/en\/toode\/p356\/","title":{"rendered":"P356"},"content":{"rendered":"<p>Kasutatavad lindid: Pol\u00fcester (PET)<br \/>\nLindi m\u00f5\u00f5dud: 16.0 \u2013 19.0 x 0.40 \u2013 1.35 mm<br \/>\nPingutusj\u00f5ud: 800 \u2013 3700 N (reguleeritav)<br \/>\nLiite t\u00fc\u00fcp: Friktsioon keevitus<br \/>\nKaal: 5.5 kg<\/p>\n<p><a href=\"https:\/\/tehpack.ee\/wp-content\/uploads\/2015\/12\/Datasheet_P356.pdf\">P356 tehnilised andmed<\/a><br \/>\n<a href=\"https:\/\/tehpack.ee\/wp-content\/uploads\/2015\/12\/P355-P356-en_01.pdf\">P356 teabeleht<\/a><\/p>\n","protected":false},"excerpt":{"rendered":"<p>Kasutatavad lindid: Pol\u00fcester (PET) Lindi m\u00f5\u00f5dud: 16.0 \u2013 19.0 x 0.40 \u2013 1.35 mm Pingutusj\u00f5ud: 800 \u2013 3700 N (reguleeritav) Liite t\u00fc\u00fcp: Friktsioon keevitus Kaal: 5.5 kg P356 tehnilised andmed P356 teabeleht<\/p>\n","protected":false},"featured_media":1305,"template":"","meta":{"_acf_changed":false},"product_brand":[],"product_cat":[110,84,108,88],"product_tag":[],"class_list":{"0":"post-935","1":"product","2":"type-product","3":"status-publish","4":"has-post-thumbnail","6":"product_cat-kasiseadmed","7":"product_cat-pakkeseadmed","8":"product_cat-plastiklindiseadmed","9":"product_cat-lindiseadmed","11":"first","12":"instock","13":"shipping-taxable","14":"product-type-simple"},"acf":[],"_links":{"self":[{"href":"https:\/\/www.tehpack.ee\/en\/wp-json\/wp\/v2\/product\/935","targetHints":{"allow":["GET"]}}],"collection":[{"href":"https:\/\/www.tehpack.ee\/en\/wp-json\/wp\/v2\/product"}],"about":[{"href":"https:\/\/www.tehpack.ee\/en\/wp-json\/wp\/v2\/types\/product"}],"wp:featuredmedia":[{"embeddable":true,"href":"https:\/\/www.tehpack.ee\/en\/wp-json\/wp\/v2\/media\/1305"}],"wp:attachment":[{"href":"https:\/\/www.tehpack.ee\/en\/wp-json\/wp\/v2\/media?parent=935"}],"wp:term":[{"taxonomy":"product_brand","embeddable":true,"href":"https:\/\/www.tehpack.ee\/en\/wp-json\/wp\/v2\/product_brand?post=935"},{"taxonomy":"product_cat","embeddable":true,"href":"https:\/\/www.tehpack.ee\/en\/wp-json\/wp\/v2\/product_cat?post=935"},{"taxonomy":"product_tag","embeddable":true,"href":"https:\/\/www.tehpack.ee\/en\/wp-json\/wp\/v2\/product_tag?post=935"}],"curies":[{"name":"wp","href":"https:\/\/api.w.org\/{rel}","templated":true}]}}