{"id":939,"date":"2022-02-16T11:52:38","date_gmt":"2022-02-16T11:52:38","guid":{"rendered":"https:\/\/tehpack.ee\/?post_type=product&#038;p=939"},"modified":"2022-08-02T09:05:42","modified_gmt":"2022-08-02T09:05:42","slug":"p404","status":"publish","type":"product","link":"https:\/\/www.tehpack.ee\/en\/toode\/p404\/","title":{"rendered":"P404"},"content":{"rendered":"<p>Kasutatavad lindid: Pol\u00fcester (PET) Pol\u00fcprop\u00fcleen (PP)<br \/>\nLindi m\u00f5\u00f5dud: 15.0 \u2013 16.0 x 0.50 \u2013 0.90 mm<br \/>\nLiite t\u00fc\u00fcp: Metall<br \/>\nKaal: 3.8 kg<\/p>\n<p><a href=\"https:\/\/tehpack.ee\/wp-content\/uploads\/2015\/12\/Datasheet_P404_02.pdf\">P404 tehnilised andmed<\/a><br \/>\n<a href=\"https:\/\/tehpack.ee\/wp-content\/uploads\/2015\/12\/P403-P404eng1.pdf\">P404 teabeleht<\/a><\/p>\n","protected":false},"excerpt":{"rendered":"<p>Kasutatavad lindid: Pol\u00fcester (PET) Pol\u00fcprop\u00fcleen (PP) Lindi m\u00f5\u00f5dud: 15.0 \u2013 16.0 x 0.50 \u2013 0.90 mm Liite t\u00fc\u00fcp: Metall Kaal: 3.8 kg P404 tehnilised andmed P404 teabeleht<\/p>\n","protected":false},"featured_media":1307,"template":"","meta":{"_acf_changed":false},"product_brand":[],"product_cat":[84,108,110,88],"product_tag":[],"class_list":{"0":"post-939","1":"product","2":"type-product","3":"status-publish","4":"has-post-thumbnail","6":"product_cat-pakkeseadmed","7":"product_cat-plastiklindiseadmed","8":"product_cat-kasiseadmed","9":"product_cat-lindiseadmed","11":"first","12":"instock","13":"shipping-taxable","14":"product-type-simple"},"acf":[],"_links":{"self":[{"href":"https:\/\/www.tehpack.ee\/en\/wp-json\/wp\/v2\/product\/939","targetHints":{"allow":["GET"]}}],"collection":[{"href":"https:\/\/www.tehpack.ee\/en\/wp-json\/wp\/v2\/product"}],"about":[{"href":"https:\/\/www.tehpack.ee\/en\/wp-json\/wp\/v2\/types\/product"}],"wp:featuredmedia":[{"embeddable":true,"href":"https:\/\/www.tehpack.ee\/en\/wp-json\/wp\/v2\/media\/1307"}],"wp:attachment":[{"href":"https:\/\/www.tehpack.ee\/en\/wp-json\/wp\/v2\/media?parent=939"}],"wp:term":[{"taxonomy":"product_brand","embeddable":true,"href":"https:\/\/www.tehpack.ee\/en\/wp-json\/wp\/v2\/product_brand?post=939"},{"taxonomy":"product_cat","embeddable":true,"href":"https:\/\/www.tehpack.ee\/en\/wp-json\/wp\/v2\/product_cat?post=939"},{"taxonomy":"product_tag","embeddable":true,"href":"https:\/\/www.tehpack.ee\/en\/wp-json\/wp\/v2\/product_tag?post=939"}],"curies":[{"name":"wp","href":"https:\/\/api.w.org\/{rel}","templated":true}]}}