{"id":940,"date":"2022-02-16T11:52:38","date_gmt":"2022-02-16T11:52:38","guid":{"rendered":"https:\/\/tehpack.ee\/?post_type=product&#038;p=940"},"modified":"2025-02-20T11:36:51","modified_gmt":"2025-02-20T09:36:51","slug":"pm308","status":"publish","type":"product","link":"https:\/\/www.tehpack.ee\/en\/toode\/pm308\/","title":{"rendered":"PM308"},"content":{"rendered":"<p>Seadmes kasutatav lint: Pol\u00fcprop\u00fcleen ( PP )<br \/>\nSeadmes kasutatava lindi m\u00f5\u00f5dud: Laius : 8,0 &#8211; 15,5 mm; Paksus : 0,55 &#8211; 0,75 mm<br \/>\nPingutusj\u00f5ud: reguleeritav 100 &#8211; 700 N<br \/>\nLiitet\u00fc\u00fcp: Termokeevitus<br \/>\nToitepinge: 230 V , 50 Hz , 1-faasiline<br \/>\nV\u00f5imsus: 1,2 kWh<br \/>\nSidumists\u00fckli kiirus: 2,2 s<br \/>\nSeadme m\u00f5\u00f5dud: Pikkus 1430 mm; Laius 620 mm<br \/>\nT\u00f6\u00f6tasapinna k\u00f5rgus: 810 mm<br \/>\nSeadme kaal: 220 kg<br \/>\nLindiraami standardm\u00f5\u00f5dud: 850 x 600 mm<\/p>\n<p>Seadme omadused:<br \/>\n&#8211; CE-sertifikaat;<br \/>\n&#8211; Lindirulli vahetus lihtne ja kiire;<br \/>\n&#8211; Seade v\u00f5imaldab teha kuni 27 sidumist minutis;<br \/>\n&#8211; Seadet on lihtne kasutada ja hooldada;<br \/>\n&#8211; Automaatne lindi etteanne ja tagasikerimine;<br \/>\n&#8211; Sujuv lindipingsuse reguleerimine;<br \/>\n&#8211; Linditusts\u00fcklit v\u00f5imalik k\u00e4ivitada pedaaliga.<\/p>\n","protected":false},"excerpt":{"rendered":"<p>PM308 on automaatne lintimisseade PP-lindile, mis sobib mitmesuguste toodete kokkusidumiseks plastiklindiga.<\/p>\n","protected":false},"featured_media":1295,"template":"","meta":{"_acf_changed":false},"product_brand":[],"product_cat":[84,108,111,88],"product_tag":[],"class_list":{"0":"post-940","1":"product","2":"type-product","3":"status-publish","4":"has-post-thumbnail","6":"product_cat-pakkeseadmed","7":"product_cat-plastiklindiseadmed","8":"product_cat-automaatseadmed","9":"product_cat-lindiseadmed","11":"first","12":"instock","13":"shipping-taxable","14":"product-type-simple"},"acf":[],"_links":{"self":[{"href":"https:\/\/www.tehpack.ee\/en\/wp-json\/wp\/v2\/product\/940","targetHints":{"allow":["GET"]}}],"collection":[{"href":"https:\/\/www.tehpack.ee\/en\/wp-json\/wp\/v2\/product"}],"about":[{"href":"https:\/\/www.tehpack.ee\/en\/wp-json\/wp\/v2\/types\/product"}],"wp:featuredmedia":[{"embeddable":true,"href":"https:\/\/www.tehpack.ee\/en\/wp-json\/wp\/v2\/media\/1295"}],"wp:attachment":[{"href":"https:\/\/www.tehpack.ee\/en\/wp-json\/wp\/v2\/media?parent=940"}],"wp:term":[{"taxonomy":"product_brand","embeddable":true,"href":"https:\/\/www.tehpack.ee\/en\/wp-json\/wp\/v2\/product_brand?post=940"},{"taxonomy":"product_cat","embeddable":true,"href":"https:\/\/www.tehpack.ee\/en\/wp-json\/wp\/v2\/product_cat?post=940"},{"taxonomy":"product_tag","embeddable":true,"href":"https:\/\/www.tehpack.ee\/en\/wp-json\/wp\/v2\/product_tag?post=940"}],"curies":[{"name":"wp","href":"https:\/\/api.w.org\/{rel}","templated":true}]}}