{"id":942,"date":"2022-02-16T11:52:38","date_gmt":"2022-02-16T11:52:38","guid":{"rendered":"https:\/\/tehpack.ee\/?post_type=product&#038;p=942"},"modified":"2022-08-02T08:43:01","modified_gmt":"2022-08-02T08:43:01","slug":"pm313","status":"publish","type":"product","link":"https:\/\/www.tehpack.ee\/en\/toode\/pm313\/","title":{"rendered":"PM313"},"content":{"rendered":"<p>Seadmes kasutatav lint: Pol\u00fcprop\u00fcleen ( PP )<br \/>\nSeadmes kasutatava lindi m\u00f5\u00f5dud: 5.0 \u2013 12.0 x 0.35 \u2013 0.65 mm<br \/>\nPingutusj\u00f5ud: Reguleeritav 10\u00a0\u2013 450 N<br \/>\nLiitet\u00fc\u00fcp: Termokeevitus<br \/>\nToitepinge : 230 V , 50 Hz , 1-faasiline<br \/>\nV\u00f5imsus: 0,5 kWh<br \/>\nSidumists\u00fckli kiirus: 1.0 s.\/ts\u00fckkel (~60 ts\u00fcklit\/min.)<br \/>\nSeadme m\u00f5\u00f5dud: Pikkus 840 mm; Laius 650 mm<br \/>\nT\u00f6\u00f6tasapinna k\u00f5rgus: 820-920 mm<br \/>\nSeadme kaal: 157\u00a0(166) kg<br \/>\nLindiraami standardm\u00f5\u00f5dud: 550 x 400 mm<\/p>\n<p>Seadme omadused :<br \/>\n\u2013 CE-sertifikaat<br \/>\n\u2013 seade on t\u00f6\u00f6valmis 20 sekundiga p\u00e4rast sissel\u00fclitamist<br \/>\n\u2013 seade v\u00f5imaldab teha kuni 50 sidumist minutis<br \/>\n\u2013 uue konstruktsiooniga lindiraam tagab stabiilse lindi etteande<br \/>\n\u2013 automaatne lindi etteanne ja tagasikerimine<br \/>\n\u2013 sujuv lindipingsuse reguleerimine<br \/>\n\u2013 lindi keevitusmehanism m\u00e4\u00e4rdevaba<\/p>\n<p><a href=\"https:\/\/tehpack.ee\/wp-content\/uploads\/2015\/12\/Datasheet_PM313_08.pdf\">PM313 tehnilised andmed<\/a><\/p>\n<p><a href=\"https:\/\/tehpack.ee\/wp-content\/uploads\/2015\/12\/PM313eng_03.pdf\">PM313 bro\u0161\u00fc\u00fcr<\/a><\/p>\n<p><iframe title=\"FROMM plastic strapping machines\" width=\"847\" height=\"476\" src=\"https:\/\/www.youtube.com\/embed\/XhoyrCN5IVQ?feature=oembed\" frameborder=\"0\" allow=\"accelerometer; autoplay; clipboard-write; encrypted-media; gyroscope; picture-in-picture\" allowfullscreen><\/iframe><\/p>\n","protected":false},"excerpt":{"rendered":"<p>Seadmes kasutatav lint: Pol\u00fcprop\u00fcleen ( PP ) Seadmes kasutatava lindi m\u00f5\u00f5dud: 5.0 \u2013 12.0 x 0.35 \u2013 0.65 mm Pingutusj\u00f5ud: Reguleeritav 10\u00a0\u2013 450 N Liitet\u00fc\u00fcp: Termokeevitus Toitepinge : 230 V , 50 Hz , 1-faasiline V\u00f5imsus: 0,5 kWh Sidumists\u00fckli kiirus: 1.0 s.\/ts\u00fckkel (~60 ts\u00fcklit\/min.) Seadme m\u00f5\u00f5dud: Pikkus 840 mm; Laius 650 mm T\u00f6\u00f6tasapinna k\u00f5rgus: 820-920 mm Seadme kaal: 157\u00a0(166) kg Lindiraami standardm\u00f5\u00f5dud: 550 x 400 mm Seadme omadused : \u2013[&hellip;]<\/p>\n","protected":false},"featured_media":1310,"template":"","meta":{"_acf_changed":false},"product_brand":[],"product_cat":[84,108,111,88],"product_tag":[],"class_list":{"0":"post-942","1":"product","2":"type-product","3":"status-publish","4":"has-post-thumbnail","6":"product_cat-pakkeseadmed","7":"product_cat-plastiklindiseadmed","8":"product_cat-automaatseadmed","9":"product_cat-lindiseadmed","11":"first","12":"instock","13":"shipping-taxable","14":"product-type-simple"},"acf":[],"_links":{"self":[{"href":"https:\/\/www.tehpack.ee\/en\/wp-json\/wp\/v2\/product\/942","targetHints":{"allow":["GET"]}}],"collection":[{"href":"https:\/\/www.tehpack.ee\/en\/wp-json\/wp\/v2\/product"}],"about":[{"href":"https:\/\/www.tehpack.ee\/en\/wp-json\/wp\/v2\/types\/product"}],"wp:featuredmedia":[{"embeddable":true,"href":"https:\/\/www.tehpack.ee\/en\/wp-json\/wp\/v2\/media\/1310"}],"wp:attachment":[{"href":"https:\/\/www.tehpack.ee\/en\/wp-json\/wp\/v2\/media?parent=942"}],"wp:term":[{"taxonomy":"product_brand","embeddable":true,"href":"https:\/\/www.tehpack.ee\/en\/wp-json\/wp\/v2\/product_brand?post=942"},{"taxonomy":"product_cat","embeddable":true,"href":"https:\/\/www.tehpack.ee\/en\/wp-json\/wp\/v2\/product_cat?post=942"},{"taxonomy":"product_tag","embeddable":true,"href":"https:\/\/www.tehpack.ee\/en\/wp-json\/wp\/v2\/product_tag?post=942"}],"curies":[{"name":"wp","href":"https:\/\/api.w.org\/{rel}","templated":true}]}}